{"id":46,"date":"2017-01-22T17:38:32","date_gmt":"2017-01-22T16:38:32","guid":{"rendered":"http:\/\/toacvoile.org\/?page_id=46"},"modified":"2019-02-05T18:21:03","modified_gmt":"2019-02-05T17:21:03","slug":"voile-radio-commandee","status":"publish","type":"page","link":"https:\/\/toacvoile.org\/?page_id=46","title":{"rendered":"Voile radio command\u00e9e"},"content":{"rendered":"<p><strong style=\"font-weight: 400;\">Voile mod\u00e8le<\/strong><\/p>\n<p>Appel\u00e9 aussi <strong>Voile Radio Command\u00e9e<\/strong>, voile mod\u00e8le r\u00e9duit\u2026 et autre. C\u2019est une discipline comme les d\u00e9riveurs les habitables les catamarans de sport, qui s\u2019inscrit sous la coupe de la FFV.<br \/>\nLe but est de r\u00e9gater avec de petits bateaux dont&nbsp; tailles et gr\u00e9ements sont d\u00e9fini dans le cadre d\u2019une jauge internationale.<br \/>\nLe barreur n\u2019est pas \u00e0 bords, il contr\u00f4le son voilier du bord avec une radio (les pieds au sec).<br \/>\nD\u2019une Ligue, Interligue et jusqu\u2019au championnat du monde, les r\u00e9gates sont tr\u00e8s disput\u00e9es. Pour les r\u00e9gatiers passionn\u00e9s, les sensations sont garanties, il faut essayer absolument.<br \/>\nInformations compl\u00e9mentaires<\/p>\n<p>Voile radio command\u00e9e : <a href=\"http:\/\/espaces.ffvoile.fr\/voile-legere\/voile-radiocommandee.aspx\">http:\/\/espaces.ffvoile.fr\/voile-legere\/voile-radiocommandee.aspx<\/a><br \/>\nAssociation fran\u00e7aise de la classe 1m <a href=\"http:\/\/www.classe1metre.org\/\">:http:\/\/www.classe1metre.org\/<\/a><br \/>\nAssociation internationale de la classe 1m\u00e8tre :&nbsp; <a href=\"http:\/\/www.iomclass.org\/\">http:\/\/www.iomclass.org\/<\/a><\/p>\n<p>Quelques photos :<\/p>\n<p><img decoding=\"async\" src=\"http:\/\/toac.voile.free.fr\/images\/voilemodele\/Fleetwood2002%20Jean-Marc%20&amp;%20Philippe.jpg\"><img decoding=\"async\" src=\"http:\/\/toac.voile.free.fr\/images\/voilemodele\/chamF%20parade04.jpg\"><\/p>\n<p><img decoding=\"async\" src=\"http:\/\/toac.voile.free.fr\/images\/voilemodele\/zonecontrole.jpg\"><\/p>\n<p><img decoding=\"async\" src=\"http:\/\/toac.voile.free.fr\/images\/voilemodele\/chamF04.jpg\"><\/p>\n","protected":false},"excerpt":{"rendered":"<p>Voile mod\u00e8le Appel\u00e9 aussi Voile Radio Command\u00e9e, voile mod\u00e8le r\u00e9duit\u2026 et autre. C\u2019est une discipline comme les d\u00e9riveurs les habitables les catamarans de sport, qui s\u2019inscrit sous la coupe de la FFV. Le but est de r\u00e9gater avec de petits &hellip; <a href=\"https:\/\/toacvoile.org\/?page_id=46\">Continue reading <span class=\"meta-nav\">&rarr;<\/span><\/a><\/p>\n","protected":false},"author":1,"featured_media":654,"parent":0,"menu_order":2,"comment_status":"closed","ping_status":"closed","template":"","meta":{"footnotes":""},"class_list":["post-46","page","type-page","status-publish","has-post-thumbnail","hentry"],"_links":{"self":[{"href":"https:\/\/toacvoile.org\/index.php?rest_route=\/wp\/v2\/pages\/46","targetHints":{"allow":["GET"]}}],"collection":[{"href":"https:\/\/toacvoile.org\/index.php?rest_route=\/wp\/v2\/pages"}],"about":[{"href":"https:\/\/toacvoile.org\/index.php?rest_route=\/wp\/v2\/types\/page"}],"author":[{"embeddable":true,"href":"https:\/\/toacvoile.org\/index.php?rest_route=\/wp\/v2\/users\/1"}],"replies":[{"embeddable":true,"href":"https:\/\/toacvoile.org\/index.php?rest_route=%2Fwp%2Fv2%2Fcomments&post=46"}],"version-history":[{"count":4,"href":"https:\/\/toacvoile.org\/index.php?rest_route=\/wp\/v2\/pages\/46\/revisions"}],"predecessor-version":[{"id":1459,"href":"https:\/\/toacvoile.org\/index.php?rest_route=\/wp\/v2\/pages\/46\/revisions\/1459"}],"wp:featuredmedia":[{"embeddable":true,"href":"https:\/\/toacvoile.org\/index.php?rest_route=\/wp\/v2\/media\/654"}],"wp:attachment":[{"href":"https:\/\/toacvoile.org\/index.php?rest_route=%2Fwp%2Fv2%2Fmedia&parent=46"}],"curies":[{"name":"wp","href":"https:\/\/api.w.org\/{rel}","templated":true}]}}