{"id":33,"date":"2017-01-22T17:27:36","date_gmt":"2017-01-22T16:27:36","guid":{"rendered":"http:\/\/toacvoile.org\/?page_id=33"},"modified":"2019-05-09T09:09:38","modified_gmt":"2019-05-09T07:09:38","slug":"hebergement","status":"publish","type":"page","link":"https:\/\/toacvoile.org\/?page_id=33","title":{"rendered":"H\u00e9bergement"},"content":{"rendered":"<div align=\"left\">Possibilit\u00e9 d&#8217;h\u00e9bergement:<\/div>\n<div align=\"left\">&nbsp;<\/div>\n<div align=\"left\">\n<p>Il est possible de mettre sa tente ou son camping-car sur la base de voile.<\/p>\n<p>&nbsp;<\/p>\n<p>Autres possibilit\u00e9s d\u2019h\u00e9bergement&nbsp;:<\/p>\n<ul>\n<li>H\u00e9bergements sur Villefranche de Panat&nbsp;<a href=\"http:\/\/www.villefranche-de-panat.fr\/fr\/tourisme\/hebergement.php\" target=\"_blank\" rel=\"noopener noreferrer\">http:\/\/www.villefranche-de-panat.fr\/fr\/tourisme\/hebergement.php<\/a><\/li>\n<\/ul>\n<p><img loading=\"lazy\" decoding=\"async\" class=\"alignnone size-medium wp-image-365\" src=\"http:\/\/toacvoile.org\/wp-content\/uploads\/2017\/01\/vue-aerienne-300x216.jpg\" alt=\"\" width=\"300\" height=\"216\" srcset=\"https:\/\/toacvoile.org\/wp-content\/uploads\/2017\/01\/vue-aerienne-300x216.jpg 300w, https:\/\/toacvoile.org\/wp-content\/uploads\/2017\/01\/vue-aerienne-768x553.jpg 768w, https:\/\/toacvoile.org\/wp-content\/uploads\/2017\/01\/vue-aerienne-1024x738.jpg 1024w, https:\/\/toacvoile.org\/wp-content\/uploads\/2017\/01\/vue-aerienne-416x300.jpg 416w, https:\/\/toacvoile.org\/wp-content\/uploads\/2017\/01\/vue-aerienne.jpg 1180w\" sizes=\"auto, (max-width: 300px) 100vw, 300px\" \/><\/p>\n<ul>\n<li>Gite Le Clos<img loading=\"lazy\" decoding=\"async\" class=\"size-medium wp-image-1494 aligncenter\" src=\"http:\/\/toacvoile.org\/wp-content\/uploads\/2019\/05\/le-clos-300x198.jpg\" alt=\"\" width=\"300\" height=\"198\" srcset=\"https:\/\/toacvoile.org\/wp-content\/uploads\/2019\/05\/le-clos-300x198.jpg 300w, https:\/\/toacvoile.org\/wp-content\/uploads\/2019\/05\/le-clos-455x300.jpg 455w, https:\/\/toacvoile.org\/wp-content\/uploads\/2019\/05\/le-clos.jpg 499w\" sizes=\"auto, (max-width: 300px) 100vw, 300px\" \/><\/li>\n<\/ul>\n<\/div>\n","protected":false},"excerpt":{"rendered":"<p>Possibilit\u00e9 d&#8217;h\u00e9bergement: &nbsp; Il est possible de mettre sa tente ou son camping-car sur la base de voile. &nbsp; Autres possibilit\u00e9s d\u2019h\u00e9bergement&nbsp;: H\u00e9bergements sur Villefranche de Panat&nbsp;http:\/\/www.villefranche-de-panat.fr\/fr\/tourisme\/hebergement.php Gite Le Clos<\/p>\n","protected":false},"author":1,"featured_media":0,"parent":25,"menu_order":2,"comment_status":"closed","ping_status":"closed","template":"","meta":{"footnotes":""},"class_list":["post-33","page","type-page","status-publish","hentry"],"_links":{"self":[{"href":"https:\/\/toacvoile.org\/index.php?rest_route=\/wp\/v2\/pages\/33","targetHints":{"allow":["GET"]}}],"collection":[{"href":"https:\/\/toacvoile.org\/index.php?rest_route=\/wp\/v2\/pages"}],"about":[{"href":"https:\/\/toacvoile.org\/index.php?rest_route=\/wp\/v2\/types\/page"}],"author":[{"embeddable":true,"href":"https:\/\/toacvoile.org\/index.php?rest_route=\/wp\/v2\/users\/1"}],"replies":[{"embeddable":true,"href":"https:\/\/toacvoile.org\/index.php?rest_route=%2Fwp%2Fv2%2Fcomments&post=33"}],"version-history":[{"count":8,"href":"https:\/\/toacvoile.org\/index.php?rest_route=\/wp\/v2\/pages\/33\/revisions"}],"predecessor-version":[{"id":1495,"href":"https:\/\/toacvoile.org\/index.php?rest_route=\/wp\/v2\/pages\/33\/revisions\/1495"}],"up":[{"embeddable":true,"href":"https:\/\/toacvoile.org\/index.php?rest_route=\/wp\/v2\/pages\/25"}],"wp:attachment":[{"href":"https:\/\/toacvoile.org\/index.php?rest_route=%2Fwp%2Fv2%2Fmedia&parent=33"}],"curies":[{"name":"wp","href":"https:\/\/api.w.org\/{rel}","templated":true}]}}