{"id":31,"date":"2017-01-22T17:27:17","date_gmt":"2017-01-22T16:27:17","guid":{"rendered":"http:\/\/toacvoile.org\/?page_id=31"},"modified":"2017-04-10T20:28:12","modified_gmt":"2017-04-10T18:28:12","slug":"plan-dacces","status":"publish","type":"page","link":"https:\/\/toacvoile.org\/?page_id=31","title":{"rendered":"Acc\u00e8s"},"content":{"rendered":"<p>La base de voile se situe \u00e0 environ 1 h 45 de Toulouse au lieu-dit les Abesses (D\u00e9partementale 666) \u00e0 Villefranche de Panat.<\/p>\n<p><img loading=\"lazy\" decoding=\"async\" class=\"alignnone\" src=\"http:\/\/toac.voile.free.fr\/images\/carte3.gif\" width=\"400\" height=\"400\" \/><\/p>\n<p><img loading=\"lazy\" decoding=\"async\" class=\"alignnone size-medium wp-image-374\" src=\"http:\/\/toacvoile.org\/wp-content\/uploads\/2017\/01\/12-287x300.png\" alt=\"\" width=\"287\" height=\"300\" srcset=\"https:\/\/toacvoile.org\/wp-content\/uploads\/2017\/01\/12-287x300.png 287w, https:\/\/toacvoile.org\/wp-content\/uploads\/2017\/01\/12.png 456w\" sizes=\"auto, (max-width: 287px) 100vw, 287px\" \/><\/p>\n","protected":false},"excerpt":{"rendered":"<p>La base de voile se situe \u00e0 environ 1 h 45 de Toulouse au lieu-dit les Abesses (D\u00e9partementale 666) \u00e0 Villefranche de Panat.<\/p>\n","protected":false},"author":1,"featured_media":0,"parent":25,"menu_order":4,"comment_status":"closed","ping_status":"closed","template":"","meta":{"footnotes":""},"class_list":["post-31","page","type-page","status-publish","hentry"],"_links":{"self":[{"href":"https:\/\/toacvoile.org\/index.php?rest_route=\/wp\/v2\/pages\/31","targetHints":{"allow":["GET"]}}],"collection":[{"href":"https:\/\/toacvoile.org\/index.php?rest_route=\/wp\/v2\/pages"}],"about":[{"href":"https:\/\/toacvoile.org\/index.php?rest_route=\/wp\/v2\/types\/page"}],"author":[{"embeddable":true,"href":"https:\/\/toacvoile.org\/index.php?rest_route=\/wp\/v2\/users\/1"}],"replies":[{"embeddable":true,"href":"https:\/\/toacvoile.org\/index.php?rest_route=%2Fwp%2Fv2%2Fcomments&post=31"}],"version-history":[{"count":8,"href":"https:\/\/toacvoile.org\/index.php?rest_route=\/wp\/v2\/pages\/31\/revisions"}],"predecessor-version":[{"id":375,"href":"https:\/\/toacvoile.org\/index.php?rest_route=\/wp\/v2\/pages\/31\/revisions\/375"}],"up":[{"embeddable":true,"href":"https:\/\/toacvoile.org\/index.php?rest_route=\/wp\/v2\/pages\/25"}],"wp:attachment":[{"href":"https:\/\/toacvoile.org\/index.php?rest_route=%2Fwp%2Fv2%2Fmedia&parent=31"}],"curies":[{"name":"wp","href":"https:\/\/api.w.org\/{rel}","templated":true}]}}