{"id":23,"date":"2017-01-22T17:25:25","date_gmt":"2017-01-22T16:25:25","guid":{"rendered":"http:\/\/toacvoile.org\/?page_id=23"},"modified":"2019-02-05T18:19:57","modified_gmt":"2019-02-05T17:19:57","slug":"a-propos","status":"publish","type":"page","link":"https:\/\/toacvoile.org\/?page_id=23","title":{"rendered":"La vie du club"},"content":{"rendered":"<p>Le toac section voile est une association sportive loi 1901. Sa base nautique est Situ\u00e9e au sud du d\u00e9partement de l\u2019Aveyron sur le plateau du L\u00e9vezou, dans un environnement privil\u00e9gi\u00e9 au bord du lac de Villefranche de Panat d\u2019une superficie de 200 hectares.<br \/>\nLa section voile du toac organise tout au long de l\u2019ann\u00e9e diff\u00e9rentes manifestations ayant rapport avec la voile<a href=\"http:\/\/toacvoile.org\/?page_id=65\"><img decoding=\"async\" src=\"http:\/\/toac.voile.free.fr\/dotclear\/dotclear\/images\/06%202009%20vacances%20103%20[].jpg\"><\/a><\/p>\n","protected":false},"excerpt":{"rendered":"<p>Le toac section voile est une association sportive loi 1901. Sa base nautique est Situ\u00e9e au sud du d\u00e9partement de l\u2019Aveyron sur le plateau du L\u00e9vezou, dans un environnement privil\u00e9gi\u00e9 au bord du lac de Villefranche de Panat d\u2019une superficie &hellip; <a href=\"https:\/\/toacvoile.org\/?page_id=23\">Continue reading <span class=\"meta-nav\">&rarr;<\/span><\/a><\/p>\n","protected":false},"author":1,"featured_media":175,"parent":0,"menu_order":1,"comment_status":"closed","ping_status":"closed","template":"","meta":{"footnotes":""},"class_list":["post-23","page","type-page","status-publish","has-post-thumbnail","hentry"],"_links":{"self":[{"href":"https:\/\/toacvoile.org\/index.php?rest_route=\/wp\/v2\/pages\/23","targetHints":{"allow":["GET"]}}],"collection":[{"href":"https:\/\/toacvoile.org\/index.php?rest_route=\/wp\/v2\/pages"}],"about":[{"href":"https:\/\/toacvoile.org\/index.php?rest_route=\/wp\/v2\/types\/page"}],"author":[{"embeddable":true,"href":"https:\/\/toacvoile.org\/index.php?rest_route=\/wp\/v2\/users\/1"}],"replies":[{"embeddable":true,"href":"https:\/\/toacvoile.org\/index.php?rest_route=%2Fwp%2Fv2%2Fcomments&post=23"}],"version-history":[{"count":8,"href":"https:\/\/toacvoile.org\/index.php?rest_route=\/wp\/v2\/pages\/23\/revisions"}],"predecessor-version":[{"id":1458,"href":"https:\/\/toacvoile.org\/index.php?rest_route=\/wp\/v2\/pages\/23\/revisions\/1458"}],"wp:featuredmedia":[{"embeddable":true,"href":"https:\/\/toacvoile.org\/index.php?rest_route=\/wp\/v2\/media\/175"}],"wp:attachment":[{"href":"https:\/\/toacvoile.org\/index.php?rest_route=%2Fwp%2Fv2%2Fmedia&parent=23"}],"curies":[{"name":"wp","href":"https:\/\/api.w.org\/{rel}","templated":true}]}}