{"id":121,"date":"2017-03-18T22:26:42","date_gmt":"2017-03-18T21:26:42","guid":{"rendered":"http:\/\/toacvoile.org\/?page_id=121"},"modified":"2017-03-18T23:09:55","modified_gmt":"2017-03-18T22:09:55","slug":"historique-des-logos","status":"publish","type":"page","link":"https:\/\/toacvoile.org\/?page_id=121","title":{"rendered":"Historique des logos"},"content":{"rendered":"<p>Historique des logos<\/p>\n<p>Le logo le plus vieux est la barre \u00e0 roue en c\u00e9ramique, il a \u00e9t\u00e9 Cr\u00e9e et r\u00e9alis\u00e9 par la section c\u00e9ramique du LAC (loisirs arts et culture, le pendant culturel du toac) en 1969 pour l&#8217;ouverture de la base de villefranche<\/p>\n<p style=\"text-align: center;\">.<img decoding=\"async\" class=\"aligncenter\" src=\"http:\/\/toac.voile.free.fr\/images\/logos\/DSCF0013.jpg\" \/><br \/>\nC.V.S.A signifie <strong>Club Voile Sud Aviation<\/strong>.<\/p>\n<p>&nbsp;<\/p>\n<p>Le logo autocollant date de 1976 environ au changement de sigle du club, il a \u00e9t\u00e9 cr\u00e9e et r\u00e9alise par Pierre Bourneix.<\/p>\n<p style=\"text-align: center;\"><img decoding=\"async\" class=\"aligncenter\" src=\"http:\/\/toac.voile.free.fr\/images\/logos\/DSCF0012.JPG\" \/><br \/>\nTOAC signifie alors Toulouse olympique A\u00e9rospatiale Club<\/p>\n<p>&nbsp;<\/p>\n<p>Le dernier logo date de la f\u00eate des 30ans de la section il est l&#8217;oeuvre du bureau. Il a \u00e9t\u00e9 r\u00e9alis\u00e9 par la section c\u00e9ramique du LAC.<\/p>\n<p><img decoding=\"async\" class=\"aligncenter\" src=\"http:\/\/toac.voile.free.fr\/images\/logos\/DSCF0014.JPG\" \/><br \/>\nVoila pour la petite histoire !<\/p>\n","protected":false},"excerpt":{"rendered":"<p>Historique des logos Le logo le plus vieux est la barre \u00e0 roue en c\u00e9ramique, il a \u00e9t\u00e9 Cr\u00e9e et r\u00e9alis\u00e9 par la section c\u00e9ramique du LAC (loisirs arts et culture, le pendant culturel du toac) en 1969 pour l&#8217;ouverture &hellip; <a href=\"https:\/\/toacvoile.org\/?page_id=121\">Continue reading <span class=\"meta-nav\">&rarr;<\/span><\/a><\/p>\n","protected":false},"author":1,"featured_media":0,"parent":23,"menu_order":2,"comment_status":"closed","ping_status":"closed","template":"","meta":{"footnotes":""},"class_list":["post-121","page","type-page","status-publish","hentry"],"_links":{"self":[{"href":"https:\/\/toacvoile.org\/index.php?rest_route=\/wp\/v2\/pages\/121","targetHints":{"allow":["GET"]}}],"collection":[{"href":"https:\/\/toacvoile.org\/index.php?rest_route=\/wp\/v2\/pages"}],"about":[{"href":"https:\/\/toacvoile.org\/index.php?rest_route=\/wp\/v2\/types\/page"}],"author":[{"embeddable":true,"href":"https:\/\/toacvoile.org\/index.php?rest_route=\/wp\/v2\/users\/1"}],"replies":[{"embeddable":true,"href":"https:\/\/toacvoile.org\/index.php?rest_route=%2Fwp%2Fv2%2Fcomments&post=121"}],"version-history":[{"count":3,"href":"https:\/\/toacvoile.org\/index.php?rest_route=\/wp\/v2\/pages\/121\/revisions"}],"predecessor-version":[{"id":149,"href":"https:\/\/toacvoile.org\/index.php?rest_route=\/wp\/v2\/pages\/121\/revisions\/149"}],"up":[{"embeddable":true,"href":"https:\/\/toacvoile.org\/index.php?rest_route=\/wp\/v2\/pages\/23"}],"wp:attachment":[{"href":"https:\/\/toacvoile.org\/index.php?rest_route=%2Fwp%2Fv2%2Fmedia&parent=121"}],"curies":[{"name":"wp","href":"https:\/\/api.w.org\/{rel}","templated":true}]}}